{"id":209,"date":"2020-12-18T15:21:54","date_gmt":"2020-12-18T14:21:54","guid":{"rendered":"https:\/\/coterraargentina.com\/site\/?page_id=209"},"modified":"2024-04-05T11:35:24","modified_gmt":"2024-04-05T14:35:24","slug":"antecedentes","status":"publish","type":"page","link":"https:\/\/coterraargentina.com\/site\/antecedentes\/","title":{"rendered":"Antecedentes"},"content":{"rendered":"\n<ul class=\"wp-block-list\">\n<li>Habilitaci\u00f3n de viejos minados para su acceso a la realizaci\u00f3n de tareas de diferente naturaleza (exploratorias, re-estabilizaci\u00f3n global como sistema de explotaci\u00f3n de reservas remanentes, accesos para estabilizaci\u00f3n por cables bolt de c\u00e1maras de minado, etc.); (primer orden: habilitaci\u00f3n \u201cprecaria\u201d; segundo orden: proyecto y dise\u00f1o para la habilitaci\u00f3n formal y segura; tercer orden: control y auditor\u00eda de tareas, direcci\u00f3n\/supervisi\u00f3n de obras de re-habilitaci\u00f3n formal). Proyectos habilitados: sistema de 12 portales de minas subterr\u00e1neas abandonadas en baja cordillera, Sistemas subterr\u00e1neos de alta cordillera, Minas antiguas en Bolivia (Huari Huari, Caballito Blanco, Pulacayo y otras), (en diferentes sitios y periodos).<\/li>\n\n\n\n<li>Inspecci\u00f3n\/auditor\u00eda y detecci\u00f3n de patolog\u00edas subterr\u00e1neas para su soluci\u00f3n\/mitigaci\u00f3n, (detecci\u00f3n de indicios\/\u201ds\u00edntomas\u201d), (en diferentes proyectos y periodos).<\/li>\n\n\n\n<li>Auditor\u00edas de diferentes minas en operaci\u00f3n, (en diferentes periodos).<\/li>\n\n\n\n<li>Auditor\u00eda subterr\u00e1nea y evaluaci\u00f3n de patolog\u00edas para t\u00faneles de alta cordillera, para su habilitaci\u00f3n posterior. Dise\u00f1o de estabilidad corto y mediano plazo. (febrero 2024).<\/li>\n\n\n\n<li>Revisi\u00f3n del proyecto de minado subterr\u00e1neo en \u00e1rea de Gualcamayo (QDD-UG); diciembre 2023.<\/li>\n\n\n\n<li>Auditor\u00eda del sistema de obturaci\u00f3n subterr\u00e1neo del t\u00fanel Marcelo (Pascua Lama); noviembre 2023.<\/li>\n\n\n\n<li>Auditor\u00eda anual del sistema subterr\u00e1neo de Mina Casposo (registro de condiciones subest\u00e1ndares para solucionar). Evaluaciones de Minado de reservas en sectores complejos; octubre 2023.<\/li>\n\n\n\n<li>Dise\u00f1o de la estabilizaci\u00f3n del viejo sistema subterr\u00e1neo (t\u00fanel de Rivadavia), en la Quebrada del Zonda. (Agosto 2023).<\/li>\n\n\n\n<li>Filo del Sol: Proyecto Conceptual de rampa de acceso para exploraci\u00f3n subterr\u00e1nea. Coordinaciones ejecutivas. Julio 2022-2023.<\/li>\n\n\n\n<li>Los Azules (McEwen Copper): Dise\u00f1o de estabilidad integral de rampa de acceso a reservas subterr\u00e1neas, aportes a la ingenier\u00eda conceptual del Proyecto, revisi\u00f3n de otras opciones. Diciembre 2022 a febrero 2023.<\/li>\n\n\n\n<li>Mina Casposo: auditoria del sistema integral subterr\u00e1neo, estabilidad y drenajes. Noviembre 2022.<\/li>\n\n\n\n<li>Patagonia Gold: consultor\u00edas subterr\u00e1neas varias, a lo largo del 2022.<\/li>\n\n\n\n<li>Pascua Lama (Barrick Exploration Argentina S.A.): auditor\u00cda del sistema subterr\u00e1neo y estructura de obturaci\u00f3n del T\u00fanel \u201cMarcelo\u201d. Noviembre 2022.<\/li>\n\n\n\n<li>Cerro Moro (Yamana Gold): auditor\u00eda de estabilidad general de mina subterr\u00e1nea. Septiembre 2022.<\/li>\n\n\n\n<li>Cavernas de Sierra Chica de Zonda: entrega final de obra. Agosto 2022.<\/li>\n\n\n\n<li>Modelaci\u00f3n Geomec\u00e1nica del pit Paloma Sur (Mina Don Nicol\u00e1s), capacitaci\u00f3n espec\u00edfica a profesionales geomec\u00e1nicos. (Noviembre\/diciembre 2021 a febrero del 2022).<\/li>\n\n\n\n<li>Consultor\u00eda de evaluaci\u00f3n de procesos mineros subterr\u00e1neos y de superficie en las actividades mineras en general y yacimientos particulares, encomendado por la firma EPIROC. (Noviembre\/diciembre 2021).<\/li>\n\n\n\n<li>Evaluaci\u00f3n inicial de opci\u00f3n de Explotaci\u00f3n Subterr\u00e1nea, pautas de ingenier\u00eda conceptual para recuperaci\u00f3n de reservas subterr\u00e1neas en determinadas \u00e1reas de Mina Don Nicol\u00e1s. (Noviembre\/diciembre 2021).<\/li>\n\n\n\n<li>2\u00b0 Etapa de Estabilizaci\u00f3n Estructural de Cavas Subterr\u00e1neas de Santa Silvia (San Juan): Direcci\u00f3n de Obra y Gesti\u00f3n Operativa. (Noviembre\/diciembre 2021, enero 2022).<\/li>\n\n\n\n<li>Dise\u00f1o\/proyecto y direcci\u00f3n de obra de estabilizaci\u00f3n para el sistema cavas subterr\u00e1neas (Sierra Chica Zonda), enero 2021 a agosto 2022.<\/li>\n\n\n\n<li>B.E.A.S.A. (Barrick Exploration Argentina S.A.): Auditor\u00eda T\u00fanel Marcelo\/obturaci\u00f3n, proyecto Pascua Lama, junio 2021.<\/li>\n\n\n\n<li>Auditor\u00eda subterr\u00e1nea para el sistema subterr\u00e1neo del Proyecto Casposo (Austral Gold, mayo 2021).<\/li>\n\n\n\n<li>Visita de Auditor\u00eda para las obras de excavaci\u00f3n\/estabilizaci\u00f3n en las Sierras de Velasco (UTE: Paolini-Britos, marzo 2021).<\/li>\n\n\n\n<li>Cuantificaci\u00f3n\/auditor\u00eda de las obras de superficie en el Proyecto Vanesa-San Juan (Fortescue SA., febrero 2021).<\/li>\n\n\n\n<li>Revisi\u00f3n y elaboraci\u00f3n de apartados de Ingenier\u00eda Conceptual del Proyecto Quebradona (Anglo Gold Ashanti-Colombia, sublevel caving, enero a marzo 2021).<\/li>\n\n\n\n<li>Proyecto Calcatreu (Patagonia Gold): Revisi\u00f3n-an\u00e1lisis-validaci\u00f3n y replanteo de par\u00e1metros Geot\u00e9cnicos-Proyecto Minero Calcatreu- Rio Negro, agosto a octubre 2020.<\/li>\n\n\n\n<li>Proyecto Patagonia Gold Fase 3 (CAPO UG): Revisi\u00f3n de estabilidad del proyecto de minado original; propuesta alternativa generada por el Comitente y recomendaciones generales de dise\u00f1o conceptual, agosto a setiembre 2020.<\/li>\n\n\n\n<li>Proyecto Patagonia Gold Fase 2 (CAPO UG): Revisi\u00f3n\/redise\u00f1o de est\u00e1ndares de soporte para situaciones actualizadas del Proyecto, evaluaci\u00f3n de geometr\u00eda estable de emplazamiento de excavaciones, julio a agosto 2020.<\/li>\n\n\n\n<li>Proyecto Patagonia Gold Fase 1: Dise\u00f1o de Portal de Ingreso para el Sistema UG CAPO, junio 2020.<\/li>\n\n\n\n<li>Proyecto Hualil\u00e1n (Golder Mining-Challenguer): Revisi\u00f3n, Evaluaci\u00f3n y Habilitaci\u00f3n de Antiguos Portales de Viejas Explotaciones. Mayo a junio 2020.<\/li>\n\n\n\n<li>Proyecto Mina UG Casposo (Austral Gold): An\u00e1lisis de Par\u00e1metros de Evacuaci\u00f3n de Recursos de Bombeo e Infraestructura en Mina Subterr\u00e1nea, abril 2020.<\/li>\n\n\n\n<li>Proyecto Rincones de Araya (FORTESCUE): Trabajo de elaboraci\u00f3n de\u00a0Herramientas calificadoras de riesgo en plataformas de perforaci\u00f3n de superficie, enero a marzo 2020.<\/li>\n\n\n\n<li>Proyecto Cerro vanguardia (Anglogold-Ashanti): Auditor\u00eda geomec\u00e1nica de Mina subterr\u00e1nea, redise\u00f1o\/actualizaci\u00f3n de est\u00e1ndares de soporte, noviembre 2019.<\/li>\n\n\n\n<li>Proyecto UG (subterr\u00e1neo) Cementos Avellaneda: Ingenier\u00eda conceptual para recuperaci\u00f3n de reservas por metodolog\u00edas subterr\u00e1neas (c\u00e1maras y pilares, hundimiento por subniveles), (octubre a diciembre 2019).<\/li>\n\n\n\n<li>Minera Triton Argentina (Panamerican Silver): Auditor\u00eda de los sistemas Mina Joaqu\u00edn y Mina COSE, agosto 2019.<\/li>\n\n\n\n<li>Patagonia Gold (proyecto Capa Oeste-CAPO): Generaci\u00f3n de los est\u00e1ndares de soporte y estrategias de estabilizaci\u00f3n para el proyecto subterr\u00e1neo \u201cCAPO\u201d, agosto 2019.<\/li>\n\n\n\n<li>Cerro Negro (Newmont-Goldcorp): Generaci\u00f3n de\u00a0\u201cManual de Buenas Pr\u00e1cticas en Mina Subterr\u00e1nea\u201d, con asistencia profesional en terreno, proyecto Cerro Negro, de abril a setiembre 2019.<\/li>\n\n\n\n<li>B.E.A.S.A. (Barrick Exploration Argentina S.A.): Auditor\u00eda del sistema de obturaci\u00f3n T\u00fanel Marcelo, proyecto Pascua Lama, marzo 2019.<\/li>\n\n\n\n<li>B.E.A.S.A. (Barrick Exploration Argentina S.A.): Evaluaci\u00f3n de estabilidad de influencias del portal del T\u00fanel, proyecto Pascua Lama, alternativas de estabilizaci\u00f3n, marzo 2019.<\/li>\n\n\n\n<li>Mina Gualcamayo: Auditor\u00eda de Mina y Validaci\u00f3n de cambios de estrategia de fortificaci\u00f3n, enero 2019.<\/li>\n\n\n\n<li>Mina Cerro Moro (Yamana gold): Servicio de asistencia geomec\u00e1nica con profesional en terreno, de noviembre 2018 a noviembre 2019.<\/li>\n\n\n\n<li>B.E.A.S.A. (Barrick Exploration Argentina S.A.): Direcci\u00f3n de obra \u201cre-estabilizaci\u00f3n T\u00fanel Marcelo\u201d, proyecto Pascua Lamas, de octubre a diciembre 2018.<\/li>\n\n\n\n<li>Minera Triton Argentina (Panamerican Silver): Auditor\u00eda de los sistemas Manantial Espejo, Mina Joaqu\u00edn y Mina COSE, agosto 2018.<\/li>\n\n\n\n<li>B.E.A.S.A. (Barrick Exploration Argentina S.A.): Dise\u00f1o de la re-estabilizaci\u00f3n T\u00fanel Marcelo, proyecto Pascua Lama, julio 2018.<\/li>\n\n\n\n<li>B.E.A.S.A. (Barrick Exploration Argentina S.A.): Auditor\u00eda T\u00fanel Marcelo\/obturaci\u00f3n, proyecto Pascua Lamas, octubre 2018.<\/li>\n\n\n\n<li>B.E.A.S.A. (Barrick Exploration Argentina S.A.): Auditor\u00eda T\u00fanel Marcelo\/obturaci\u00f3n, proyecto Pascua Lama, julio 2018.<\/li>\n\n\n\n<li>Trabajos de inspecci\u00f3n\/auditor\u00eda y asesoramiento para la secretaria de Gesti\u00f3n Ambiental y Polic\u00eda Minera de la provincia de San Juan en Minas Gualcamayo y T\u00fanel de Pascua Lama, (diferentes per\u00edodos).<\/li>\n\n\n\n<li>Asesoramiento y revisi\u00f3n de proyecto de obturaci\u00f3n de t\u00fanel de transferencia de carga en mina Pascua-Lama. Barrick. 2017.<\/li>\n\n\n\n<li>Habilitaci\u00f3n formal para reapertura e inicio de actividades en t\u00fanel Pascua Lama. Barrick. 2017.<\/li>\n\n\n\n<li>Asesoramientos varios en problem\u00e1ticas de estabilidad y producci\u00f3n para Mina Casposo. 2016-2017.<\/li>\n\n\n\n<li>Asesoramientos varios en problem\u00e1ticas de estabilidad y producci\u00f3n para Minera Triton Argentina. 2017.<\/li>\n\n\n\n<li>Instrucci\u00f3n, capacitaci\u00f3n y puesta a punto de shotcrete para Mina Cerro Vanguardia. Charlas t\u00e9cnicas y operaci\u00f3n en terreno. 2016.<\/li>\n\n\n\n<li>Consultor\u00eda Geomec\u00e1nica para cuerpos subterr\u00e1neos de Mina Pirquitas, Silver Est\u00e1ndar S.A. 2014.<\/li>\n\n\n\n<li>Consultor\u00edas\/auditor\u00edas de Geomec\u00e1nica para Minera Triton Argentina. Entre 2013-2016.<\/li>\n\n\n\n<li>Auditor\u00eda de Gesti\u00f3n del Dpto. Geomec\u00e1nica, Minera San Jos\u00e9. Pcia. de Santa Cruz. 2014.<\/li>\n\n\n\n<li>Consultor\u00eda para implementaci\u00f3n y acompa\u00f1amiento de Sistema de Ground Control en la Explotaci\u00f3n Subterr\u00e1nea de Mina Casposo, auditor\u00eda de Mina, Troy Resources Ltd. 2011-2015.<\/li>\n\n\n\n<li>Servicio de Consultor\u00eda Integral para la Explotaci\u00f3n, Mina Farall\u00f3n Negro. Revisi\u00f3n de Proyectos, aspectos Geomec\u00e1nicos y de laboreo minero en general. Colaboraci\u00f3n con la Supervisi\u00f3n de Mina, capacitaci\u00f3n en aspectos te\u00f3rico\/pr\u00e1cticos. Auditor\u00eda de Mina. Implementaci\u00f3n de instalaci\u00f3n de elementos y t\u00e9cnicas de fortificaci\u00f3n varias (diferentes tipos de pernos, mallas, straps, shotcrete, puntales, muros, etc.), cambio a m\u00e9todos de explotaci\u00f3n por sublevel stoping. 2011-2017.<\/li>\n\n\n\n<li>Servicio de Ingenier\u00eda para la Optimizaci\u00f3n de tareas en el Proceso de minado Subterr\u00e1neo de Cerro Vanguardia. 2012.<\/li>\n\n\n\n<li>Mina Pulacayo-Apogge, Bolivia. Revisi\u00f3n general de Proyecto de explotaci\u00f3n. Validaci\u00f3n Geomec\u00e1nica del mismo y dise\u00f1o de la habilitaci\u00f3n del sistema antiguo subterr\u00e1neo. 2011.<\/li>\n\n\n\n<li>Consultor\u00eda para implementaci\u00f3n de Sistema de Ground Control en la Explotaci\u00f3n Subterr\u00e1nea, Proyecto Gualcamayo (Yamana Gold), San Juan. 2010-2011.<\/li>\n\n\n\n<li>Servicio de Inspecci\u00f3n T\u00e9cnica de Obra para la DPV (Direcci\u00f3n Provincial de Vialidad de San Juan), para trabajos de sondajes y ensayos geot\u00e9cnicos en el marco del Proyecto \u201cT\u00fanel Agua Negra\u201d, Pcia. de San Juan Campa\u00f1as 2009-2010-2011.<\/li>\n\n\n\n<li>Minera Triton Argentina S.A. (Mina Manantial Espejo): Revisi\u00f3n de proyectos subterr\u00e1neos: Proyectos de explotaci\u00f3n desde la \u00f3ptica Geomec\u00e1nica, conveniencias operativas y factibilidades, planteo de alternativas de explotaci\u00f3n. Santa Cruz, 2008-2009.<\/li>\n\n\n\n<li>Evaluaci\u00f3n de funcionamiento de sistemas de soporte colocados en excavaciones subterr\u00e1neas. Proyecto Gualcamayo (Yamana Gold), San Juan, 2009.<\/li>\n\n\n\n<li>Consultor\u00eda para obras de infraestructura subterr\u00e1nea en Proyecto Gualcamayo (Yamana Gold). Auditor\u00eda de obra para t\u00faneles y desarrollos circundantes para transferencia de carga, ore pass, caverna de trituraci\u00f3n, infraestructura general, excavaci\u00f3n\/estabilizaci\u00f3n. San Juan, 2008.<\/li>\n\n\n\n<li>Consultor\u00eda para implementaci\u00f3n y acompa\u00f1amiento de Sistema de Ground Control en el inicio de la Explotaci\u00f3n Subterr\u00e1nea de Cerro Vanguardia; auditor\u00eda permanente de Mina Subterr\u00e1nea (Anglo Gold-Ashanti), Santa Cruz. 2009-2016.<\/li>\n\n\n\n<li>Auditor\u00eda de Proyecto durante la ejecuci\u00f3n de ruta 150, tramo Ischigualasto-Huaco. Febrero del 2009-2015 (Servicio prestado a la EICAM, Escuela de Caminos de Monta\u00f1a, para la Vialidad Nacional).<\/li>\n\n\n\n<li>Servicios de Consultor\u00eda para elaboraci\u00f3n de Proyecto Ejecutivo de Explotaci\u00f3n subterr\u00e1nea, Mina Pirquitas (Silver Standard, Pcia. de Jujuy. Agosto a Diciembre del 2009 (Fases 1 y 2). Fase 3: 2010.<\/li>\n\n\n\n<li>Servicios de Consultor\u00eda para Anteproyecto Ejecutivo t\u00fanel Transferencia de carga, Minera Agua Rica (Yamana Gold), Pcia. de Catamarca. 2008. Revisi\u00f3n\/Modificaci\u00f3n del proyecto original presentado por Hatch Consulting.<\/li>\n<\/ul>\n\n\n\n<p><\/p>\n","protected":false},"excerpt":{"rendered":"","protected":false},"author":1,"featured_media":0,"parent":0,"menu_order":0,"comment_status":"closed","ping_status":"closed","template":"","meta":{"_monsterinsights_skip_tracking":false,"_monsterinsights_sitenote_active":false,"_monsterinsights_sitenote_note":"","_monsterinsights_sitenote_category":0,"footnotes":""},"class_list":["post-209","page","type-page","status-publish","hentry"],"aioseo_notices":[],"_links":{"self":[{"href":"https:\/\/coterraargentina.com\/site\/wp-json\/wp\/v2\/pages\/209","targetHints":{"allow":["GET"]}}],"collection":[{"href":"https:\/\/coterraargentina.com\/site\/wp-json\/wp\/v2\/pages"}],"about":[{"href":"https:\/\/coterraargentina.com\/site\/wp-json\/wp\/v2\/types\/page"}],"author":[{"embeddable":true,"href":"https:\/\/coterraargentina.com\/site\/wp-json\/wp\/v2\/users\/1"}],"replies":[{"embeddable":true,"href":"https:\/\/coterraargentina.com\/site\/wp-json\/wp\/v2\/comments?post=209"}],"version-history":[{"count":6,"href":"https:\/\/coterraargentina.com\/site\/wp-json\/wp\/v2\/pages\/209\/revisions"}],"predecessor-version":[{"id":275,"href":"https:\/\/coterraargentina.com\/site\/wp-json\/wp\/v2\/pages\/209\/revisions\/275"}],"wp:attachment":[{"href":"https:\/\/coterraargentina.com\/site\/wp-json\/wp\/v2\/media?parent=209"}],"curies":[{"name":"wp","href":"https:\/\/api.w.org\/{rel}","templated":true}]}}